{"id":2520,"date":"2021-12-15T17:38:28","date_gmt":"2021-12-15T20:38:28","guid":{"rendered":"https:\/\/onicopes.com.br\/site\/?page_id=2520"},"modified":"2022-03-14T16:05:47","modified_gmt":"2022-03-14T19:05:47","slug":"quem-somos","status":"publish","type":"page","link":"https:\/\/onicopes.com.br\/site\/quem-somos\/","title":{"rendered":"Quem somos"},"content":{"rendered":"<p>[vc_row][vc_column width=&#8221;1\/2&#8243; icons_position=&#8221;left&#8221;][vc_column_text]<\/p>\n<h4 style=\"text-align: center;\">Especialista no conforto dos p\u00e9s<\/h4>\n<p>Onico P\u00e9s \u00e9 uma cl\u00ednica especializada em Podologia (tratamentos dos p\u00e9s), com tratamentos espec\u00edficos para cada tipo de patalogias (doen\u00e7as). Com a associa\u00e7\u00e3o de m\u00e9todos tradicionais e modernos, \u00e9 poss\u00edvel promover a qualidade e efici\u00eancia nos tratamentos, priorizando sempre um excelente resultado final.<\/p>\n<p>Com compromisso, qualidade, compet\u00eancia e qualifica\u00e7\u00e3o profissional, Onico P\u00e9s est\u00e1 sempre aliados ao carinho e dedica\u00e7\u00e3o ao cliente. A import\u00e2ncia de cuidar dos p\u00e9s vai muito al\u00e9m de cortar as unhas e tirar cut\u00edculas. Mant\u00ea-los saud\u00e1veis evita uma s\u00e9rie de problemas tais como calos, calosidades, verrugas plantares, unhas encravadas, fissuras, micoses, entre outros.<\/p>\n<p>Onico P\u00e9s possui profissionais capacitados e altamente qualificados para oferecer \u00e1 seus clientes sempre os melhores tratamentos. Conta com uma enorme variedade de produtos especializados para proporcionar o conforto de acordo com a necessidade de cada pessoa.[\/vc_column_text][\/vc_column][vc_column width=&#8221;1\/2&#8243; icons_position=&#8221;left&#8221;][vc_empty_space height=&#8221;200px&#8221; hide_on_desktop=&#8221;&#8221; hide_on_notebook=&#8221;&#8221; hide_on_tablet=&#8221;&#8221; hide_on_mobile=&#8221;&#8221;][vc_single_image image=&#8221;5668&#8243; img_size=&#8221;&#8221; alignment=&#8221;center&#8221;][\/vc_column][\/vc_row][vc_row][vc_column icons_position=&#8221;left&#8221;][vc_empty_space height=&#8221;100px&#8221; hide_on_desktop=&#8221;&#8221; hide_on_notebook=&#8221;&#8221; hide_on_tablet=&#8221;&#8221; hide_on_mobile=&#8221;&#8221;][vc_empty_space][\/vc_column][\/vc_row][vc_row][vc_column icons_position=&#8221;left&#8221;][vc_empty_space height=&#8221;100px&#8221; hide_on_desktop=&#8221;&#8221; hide_on_notebook=&#8221;&#8221; hide_on_tablet=&#8221;&#8221; hide_on_mobile=&#8221;&#8221;][vc_empty_space][\/vc_column][\/vc_row][vc_row][vc_column width=&#8221;1\/3&#8243; icons_position=&#8221;left&#8221;][vc_column_text]<\/p>\n<p style=\"text-align: center;\"><span style=\"color: #1d1d1d; font-family: Montserrat, sans-serif; font-size: 2.3571em; letter-spacing: -0.3px;\">Vis\u00e3o<\/span><\/p>\n<p style=\"text-align: center;\">Trabalhar focado nos preceitos da nossa miss\u00e3o, para sermos reconhecidos por nossos clientes como a empresa refer\u00eancia do segmento e alcan\u00e7armos a lideran\u00e7a do mercado.<\/p>\n<p>[\/vc_column_text][\/vc_column][vc_column width=&#8221;1\/3&#8243; icons_position=&#8221;left&#8221;][vc_column_text]<\/p>\n<p style=\"text-align: center;\"><span style=\"color: #1d1d1d; font-family: Montserrat, sans-serif; font-size: 2.3571em; letter-spacing: -0.3px;\">Miss\u00e3o<\/span><\/p>\n<p style=\"text-align: center;\">Ofertar servi\u00e7os que contemplem: Cuidar da sa\u00fade e conforto dos p\u00e9s, atendendo com excel\u00eancia e qualidade com conhecimento t\u00e9cnico e experi\u00eancia profissional, equipamentos e instrumentos que atendam padr\u00f5es de qualidade e normas sanit\u00e1rias de assepsia e esteriliza\u00e7\u00e3o; ambiente confort\u00e1vel e acolhedor, permeado por atendimento pessoal que permita ao cliente perceber que, para n\u00f3s, ele \u00e9 o mais importante.<\/p>\n<p>[\/vc_column_text][\/vc_column][vc_column width=&#8221;1\/3&#8243; icons_position=&#8221;left&#8221;][vc_column_text]<\/p>\n<p style=\"text-align: center;\"><span style=\"color: #1d1d1d; font-family: Montserrat, sans-serif; font-size: 2.3571em; letter-spacing: -0.3px;\">Valores<\/span><\/p>\n<p style=\"text-align: center;\">Aprimorar sempre, \u00e9tica, respeito, boa t\u00e9cnica e qualidade dos produtos e servi\u00e7os.<\/p>\n<p>[\/vc_column_text][\/vc_column][\/vc_row][vc_row][vc_column icons_position=&#8221;left&#8221;][vc_empty_space height=&#8221;100px&#8221; hide_on_desktop=&#8221;&#8221; hide_on_notebook=&#8221;&#8221; hide_on_tablet=&#8221;&#8221; hide_on_mobile=&#8221;&#8221;][vc_empty_space][\/vc_column][\/vc_row][vc_row hide_bg_image_on_tablet=&#8221;&#8221; hide_bg_image_on_mobile=&#8221;&#8221;][vc_column icons_position=&#8221;left&#8221; css=&#8221;.vc_custom_1477912247150{margin-top: 0.2rem !important;}&#8221;][vc_empty_space height=&#8221;100px&#8221; hide_on_desktop=&#8221;&#8221; hide_on_notebook=&#8221;&#8221; hide_on_tablet=&#8221;&#8221; hide_on_mobile=&#8221;&#8221;][\/vc_column][\/vc_row][vc_row][vc_column icons_position=&#8221;left&#8221;][vc_empty_space height=&#8221;100px&#8221; hide_on_desktop=&#8221;&#8221; hide_on_notebook=&#8221;&#8221; hide_on_tablet=&#8221;&#8221; hide_on_mobile=&#8221;&#8221;]<div id=\"sc_title_1534215193\"\n\t\tclass=\"sc_title color_style_default sc_title_default\"><h2 class=\"sc_item_title sc_title_title sc_align_center sc_item_title_style_default sc_item_title_tag\">Parceiros<\/h2><\/div><!-- \/.sc_title -->[vc_images_carousel images=&#8221;3367,3368,3369,3370,3371,3374,3376,4087,4088,4089,4090,4091&#8243; img_size=&#8221;full&#8221; onclick=&#8221;link_no&#8221; slides_per_view=&#8221;5&#8243;][\/vc_column][\/vc_row]<\/p>\n","protected":false},"excerpt":{"rendered":"<p>[vc_row][vc_column width=&#8221;1\/2&#8243; icons_position=&#8221;left&#8221;][vc_column_text] Especialista no conforto dos p\u00e9s Onico P\u00e9s \u00e9 uma cl\u00ednica especializada em Podologia (tratamentos dos p\u00e9s), com tratamentos espec\u00edficos para cada tipo de patalogias (doen\u00e7as). Com a associa\u00e7\u00e3o de m\u00e9todos tradicionais e modernos, \u00e9 poss\u00edvel promover a&hellip;<\/p>\n","protected":false},"author":1,"featured_media":0,"parent":0,"menu_order":0,"comment_status":"closed","ping_status":"closed","template":"","meta":{"footnotes":""},"class_list":["post-2520","page","type-page","status-publish","hentry"],"_links":{"self":[{"href":"https:\/\/onicopes.com.br\/site\/wp-json\/wp\/v2\/pages\/2520","targetHints":{"allow":["GET"]}}],"collection":[{"href":"https:\/\/onicopes.com.br\/site\/wp-json\/wp\/v2\/pages"}],"about":[{"href":"https:\/\/onicopes.com.br\/site\/wp-json\/wp\/v2\/types\/page"}],"author":[{"embeddable":true,"href":"https:\/\/onicopes.com.br\/site\/wp-json\/wp\/v2\/users\/1"}],"replies":[{"embeddable":true,"href":"https:\/\/onicopes.com.br\/site\/wp-json\/wp\/v2\/comments?post=2520"}],"version-history":[{"count":20,"href":"https:\/\/onicopes.com.br\/site\/wp-json\/wp\/v2\/pages\/2520\/revisions"}],"predecessor-version":[{"id":5670,"href":"https:\/\/onicopes.com.br\/site\/wp-json\/wp\/v2\/pages\/2520\/revisions\/5670"}],"wp:attachment":[{"href":"https:\/\/onicopes.com.br\/site\/wp-json\/wp\/v2\/media?parent=2520"}],"curies":[{"name":"wp","href":"https:\/\/api.w.org\/{rel}","templated":true}]}}