{"id":2540,"date":"2021-12-15T21:39:08","date_gmt":"2021-12-16T00:39:08","guid":{"rendered":"https:\/\/onicopes.com.br\/site\/?page_id=2540"},"modified":"2022-03-14T15:24:48","modified_gmt":"2022-03-14T18:24:48","slug":"servicos","status":"publish","type":"page","link":"https:\/\/onicopes.com.br\/site\/servicos\/","title":{"rendered":"Servi\u00e7os"},"content":{"rendered":"<p>[vc_row][vc_column icons_position=&#8221;left&#8221;][vc_empty_space height=&#8221;50px&#8221; alter_height=&#8221;none&#8221; hide_on_desktop=&#8221;1&#8243; hide_on_notebook=&#8221;1&#8243; hide_on_tablet=&#8221;&#8221; hide_on_mobile=&#8221;&#8221;]<div id=\"sc_services_911566690\" class=\"sc_services color_style_default sc_services_list sc_services_featured_top\"><h3 class=\"sc_item_title sc_services_title sc_align_center sc_item_title_style_default\">Nossos Servi\u00e7os<\/h3><div class=\"sc_item_descr sc_services_descr sc_align_center\"><p>Conhe\u00e7a um pouco dos servi\u00e7os que voc\u00ea encontra em nossas unidades.<\/p>\n<\/div><div class=\"sc_services_columns_wrap sc_item_columns sc_item_columns_3 trx_addons_columns_wrap\"><div class=\"trx_addons_column-1_3\"><div class=\"sc_services_item without_content with_image sc_services_item_featured_top\">\n\t<div class=\"post_featured with_thumb hover_dots sc_services_item_thumb\"><img loading=\"lazy\" decoding=\"async\" width=\"90\" height=\"90\" src=\"https:\/\/onicopes.com.br\/site\/wp-content\/uploads\/2021\/12\/s4-90x90.jpg\" class=\"attachment-coleo-thumb-tiny size-coleo-thumb-tiny wp-post-image\" alt=\"\" srcset=\"https:\/\/onicopes.com.br\/site\/wp-content\/uploads\/2021\/12\/s4-90x90.jpg 90w, https:\/\/onicopes.com.br\/site\/wp-content\/uploads\/2021\/12\/s4-150x150.jpg 150w, https:\/\/onicopes.com.br\/site\/wp-content\/uploads\/2021\/12\/s4-100x100.jpg 100w, https:\/\/onicopes.com.br\/site\/wp-content\/uploads\/2021\/12\/s4.jpg 263w\" sizes=\"auto, (max-width: 90px) 100vw, 90px\" \/><div class=\"mask\"><\/div><a href=\"https:\/\/onicopes.com.br\/site\/services\/calos\/\" aria-hidden=\"true\" class=\"icons\"><span><\/span><span><\/span><span><\/span><\/a><\/div>\t\n\t<div class=\"sc_services_item_info\">\n\t\t<div class=\"sc_services_item_header\">\n\t\t\t<h6 class=\"sc_services_item_title\"><a href=\"https:\/\/onicopes.com.br\/site\/services\/calos\/\">Calos<\/a><\/h6>\n\t\t<\/div>\n\t\t\t\t\t<div class=\"sc_services_item_content\"><p>Calos s\u00e3o \u00e1reas circunscritas de hiperqueratose em locais de press\u00e3o intermitente ou atrito.<\/p>\n<\/div>\n\t\t\t<\/div>\n<\/div>\n<\/div><div class=\"trx_addons_column-1_3\"><div class=\"sc_services_item without_content with_image sc_services_item_featured_top\">\n\t<div class=\"post_featured with_thumb hover_dots sc_services_item_thumb\"><img loading=\"lazy\" decoding=\"async\" width=\"90\" height=\"90\" src=\"https:\/\/onicopes.com.br\/site\/wp-content\/uploads\/2021\/12\/s6-90x90.jpg\" class=\"attachment-coleo-thumb-tiny size-coleo-thumb-tiny wp-post-image\" alt=\"\" srcset=\"https:\/\/onicopes.com.br\/site\/wp-content\/uploads\/2021\/12\/s6-90x90.jpg 90w, https:\/\/onicopes.com.br\/site\/wp-content\/uploads\/2021\/12\/s6-150x150.jpg 150w, https:\/\/onicopes.com.br\/site\/wp-content\/uploads\/2021\/12\/s6-100x100.jpg 100w, https:\/\/onicopes.com.br\/site\/wp-content\/uploads\/2021\/12\/s6.jpg 263w\" sizes=\"auto, (max-width: 90px) 100vw, 90px\" \/><div class=\"mask\"><\/div><a href=\"https:\/\/onicopes.com.br\/site\/services\/calosidade\/\" aria-hidden=\"true\" class=\"icons\"><span><\/span><span><\/span><span><\/span><\/a><\/div>\t\n\t<div class=\"sc_services_item_info\">\n\t\t<div class=\"sc_services_item_header\">\n\t\t\t<h6 class=\"sc_services_item_title\"><a href=\"https:\/\/onicopes.com.br\/site\/services\/calosidade\/\">CALOSIDADE<\/a><\/h6>\n\t\t<\/div>\n\t\t\t\t\t<div class=\"sc_services_item_content\"><p>\u00c9 o espessamento da pele num determinado ponto.<\/p>\n<\/div>\n\t\t\t<\/div>\n<\/div>\n<\/div><div class=\"trx_addons_column-1_3\"><div class=\"sc_services_item without_content with_image sc_services_item_featured_top\">\n\t<div class=\"post_featured with_thumb hover_dots sc_services_item_thumb\"><img loading=\"lazy\" decoding=\"async\" width=\"90\" height=\"90\" src=\"https:\/\/onicopes.com.br\/site\/wp-content\/uploads\/2021\/12\/s9-90x90.jpg\" class=\"attachment-coleo-thumb-tiny size-coleo-thumb-tiny wp-post-image\" alt=\"\" srcset=\"https:\/\/onicopes.com.br\/site\/wp-content\/uploads\/2021\/12\/s9-90x90.jpg 90w, https:\/\/onicopes.com.br\/site\/wp-content\/uploads\/2021\/12\/s9-150x150.jpg 150w, https:\/\/onicopes.com.br\/site\/wp-content\/uploads\/2021\/12\/s9-100x100.jpg 100w, https:\/\/onicopes.com.br\/site\/wp-content\/uploads\/2021\/12\/s9.jpg 263w\" sizes=\"auto, (max-width: 90px) 100vw, 90px\" \/><div class=\"mask\"><\/div><a href=\"https:\/\/onicopes.com.br\/site\/services\/hidratacao-com-esfoliacao\/\" aria-hidden=\"true\" class=\"icons\"><span><\/span><span><\/span><span><\/span><\/a><\/div>\t\n\t<div class=\"sc_services_item_info\">\n\t\t<div class=\"sc_services_item_header\">\n\t\t\t<h6 class=\"sc_services_item_title\"><a href=\"https:\/\/onicopes.com.br\/site\/services\/hidratacao-com-esfoliacao\/\">HIDRATA\u00c7\u00c3O COM ESFOLIA\u00c7\u00c3O<\/a><\/h6>\n\t\t<\/div>\n\t\t\t\t\t<div class=\"sc_services_item_content\"><p>Os principais cuidados que devemos ter para manter a pele dos p\u00e9s bonita e saud\u00e1vel s\u00e3o a esfolia\u00e7\u00e3o e a hidrata\u00e7\u00e3o.<\/p>\n<\/div>\n\t\t\t<\/div>\n<\/div>\n<\/div><div class=\"trx_addons_column-1_3\"><div class=\"sc_services_item without_content with_image sc_services_item_featured_top\">\n\t<div class=\"post_featured with_thumb hover_dots sc_services_item_thumb\"><img loading=\"lazy\" decoding=\"async\" width=\"90\" height=\"90\" src=\"https:\/\/onicopes.com.br\/site\/wp-content\/uploads\/2017\/12\/s7-90x90.jpg\" class=\"attachment-coleo-thumb-tiny size-coleo-thumb-tiny wp-post-image\" alt=\"\" srcset=\"https:\/\/onicopes.com.br\/site\/wp-content\/uploads\/2017\/12\/s7-90x90.jpg 90w, https:\/\/onicopes.com.br\/site\/wp-content\/uploads\/2017\/12\/s7-150x150.jpg 150w, https:\/\/onicopes.com.br\/site\/wp-content\/uploads\/2017\/12\/s7-100x100.jpg 100w, https:\/\/onicopes.com.br\/site\/wp-content\/uploads\/2017\/12\/s7.jpg 263w\" sizes=\"auto, (max-width: 90px) 100vw, 90px\" \/><div class=\"mask\"><\/div><a href=\"https:\/\/onicopes.com.br\/site\/services\/ortose-ungueal\/\" aria-hidden=\"true\" class=\"icons\"><span><\/span><span><\/span><span><\/span><\/a><\/div>\t\n\t<div class=\"sc_services_item_info\">\n\t\t<div class=\"sc_services_item_header\">\n\t\t\t<h6 class=\"sc_services_item_title\"><a href=\"https:\/\/onicopes.com.br\/site\/services\/ortose-ungueal\/\">\u00d3RTOSE UNGUEAL<\/a><\/h6>\n\t\t<\/div>\n\t\t\t\t\t<div class=\"sc_services_item_content\"><p>Fun\u00e7\u00e3o \u00e9 a corre\u00e7\u00e3o da curvatura da unha e preven\u00e7\u00e3o de encravamentos e inflama\u00e7\u00f5es causada pela press\u00e3o da unha, eliminando a dor e melhorando a est\u00e9tica e a autoestima do cliente.<\/p>\n<\/div>\n\t\t\t<\/div>\n<\/div>\n<\/div><div class=\"trx_addons_column-1_3\"><div class=\"sc_services_item without_content with_image sc_services_item_featured_top\">\n\t<div class=\"post_featured with_thumb hover_dots sc_services_item_thumb\"><img loading=\"lazy\" decoding=\"async\" width=\"90\" height=\"90\" src=\"https:\/\/onicopes.com.br\/site\/wp-content\/uploads\/2017\/12\/s1-90x90.jpg\" class=\"attachment-coleo-thumb-tiny size-coleo-thumb-tiny wp-post-image\" alt=\"\" srcset=\"https:\/\/onicopes.com.br\/site\/wp-content\/uploads\/2017\/12\/s1-90x90.jpg 90w, https:\/\/onicopes.com.br\/site\/wp-content\/uploads\/2017\/12\/s1-150x150.jpg 150w, https:\/\/onicopes.com.br\/site\/wp-content\/uploads\/2017\/12\/s1-100x100.jpg 100w, https:\/\/onicopes.com.br\/site\/wp-content\/uploads\/2017\/12\/s1.jpg 262w\" sizes=\"auto, (max-width: 90px) 100vw, 90px\" \/><div class=\"mask\"><\/div><a href=\"https:\/\/onicopes.com.br\/site\/services\/podologia\/\" aria-hidden=\"true\" class=\"icons\"><span><\/span><span><\/span><span><\/span><\/a><\/div>\t\n\t<div class=\"sc_services_item_info\">\n\t\t<div class=\"sc_services_item_header\">\n\t\t\t<h6 class=\"sc_services_item_title\"><a href=\"https:\/\/onicopes.com.br\/site\/services\/podologia\/\">PODOLOGIA<\/a><\/h6>\n\t\t<\/div>\n\t\t\t\t\t<div class=\"sc_services_item_content\"><p>A podologia \u00e9 uma \u00e1rea especializada em tratar as conseq\u00fc\u00eancias das constantes agress\u00f5es que os p\u00e9s sofrem. O pod\u00f3logo \u00e9 um profissional que atua na \u00e1rea da sa\u00fade e sua forma\u00e7\u00e3o lhe d\u00e1 capacidade para tratar de casos em diferentes n\u00edveis de patologias. Conhecimento, atualiza\u00e7\u00e3o e, principalmente, estudo s\u00e3o os principais aliados do pod\u00f3logo no decorrer da sua profiss\u00e3o.<\/p>\n<\/div>\n\t\t\t<\/div>\n<\/div>\n<\/div><div class=\"trx_addons_column-1_3\"><div class=\"sc_services_item without_content with_image sc_services_item_featured_top\">\n\t<div class=\"post_featured with_thumb hover_dots sc_services_item_thumb\"><img loading=\"lazy\" decoding=\"async\" width=\"90\" height=\"90\" src=\"https:\/\/onicopes.com.br\/site\/wp-content\/uploads\/2021\/12\/s4-90x90.jpg\" class=\"attachment-coleo-thumb-tiny size-coleo-thumb-tiny wp-post-image\" alt=\"\" srcset=\"https:\/\/onicopes.com.br\/site\/wp-content\/uploads\/2021\/12\/s4-90x90.jpg 90w, https:\/\/onicopes.com.br\/site\/wp-content\/uploads\/2021\/12\/s4-150x150.jpg 150w, https:\/\/onicopes.com.br\/site\/wp-content\/uploads\/2021\/12\/s4-100x100.jpg 100w, https:\/\/onicopes.com.br\/site\/wp-content\/uploads\/2021\/12\/s4.jpg 263w\" sizes=\"auto, (max-width: 90px) 100vw, 90px\" \/><div class=\"mask\"><\/div><a href=\"https:\/\/onicopes.com.br\/site\/services\/rachaduras-plantares\/\" aria-hidden=\"true\" class=\"icons\"><span><\/span><span><\/span><span><\/span><\/a><\/div>\t\n\t<div class=\"sc_services_item_info\">\n\t\t<div class=\"sc_services_item_header\">\n\t\t\t<h6 class=\"sc_services_item_title\"><a href=\"https:\/\/onicopes.com.br\/site\/services\/rachaduras-plantares\/\">Rachaduras Plantares<\/a><\/h6>\n\t\t<\/div>\n\t\t\t\t\t<div class=\"sc_services_item_content\"><p>Rachaduras Plantares popularmente conhecidas como p\u00e9 rachado, \u00e9 caracterizada por les\u00f5es lineares que surgem quando a pele est\u00e1 muito seca, trazendo problemas como entrada para micro-organismos e causando dor.<\/p>\n<\/div>\n\t\t\t<\/div>\n<\/div>\n<\/div><div class=\"trx_addons_column-1_3\"><div class=\"sc_services_item without_content with_image sc_services_item_featured_top\">\n\t<div class=\"post_featured with_thumb hover_dots sc_services_item_thumb\"><img loading=\"lazy\" decoding=\"async\" width=\"90\" height=\"90\" src=\"https:\/\/onicopes.com.br\/site\/wp-content\/uploads\/2021\/12\/s4-90x90.jpg\" class=\"attachment-coleo-thumb-tiny size-coleo-thumb-tiny wp-post-image\" alt=\"\" srcset=\"https:\/\/onicopes.com.br\/site\/wp-content\/uploads\/2021\/12\/s4-90x90.jpg 90w, https:\/\/onicopes.com.br\/site\/wp-content\/uploads\/2021\/12\/s4-150x150.jpg 150w, https:\/\/onicopes.com.br\/site\/wp-content\/uploads\/2021\/12\/s4-100x100.jpg 100w, https:\/\/onicopes.com.br\/site\/wp-content\/uploads\/2021\/12\/s4.jpg 263w\" sizes=\"auto, (max-width: 90px) 100vw, 90px\" \/><div class=\"mask\"><\/div><a href=\"https:\/\/onicopes.com.br\/site\/services\/reflexologia-massagem\/\" aria-hidden=\"true\" class=\"icons\"><span><\/span><span><\/span><span><\/span><\/a><\/div>\t\n\t<div class=\"sc_services_item_info\">\n\t\t<div class=\"sc_services_item_header\">\n\t\t\t<h6 class=\"sc_services_item_title\"><a href=\"https:\/\/onicopes.com.br\/site\/services\/reflexologia-massagem\/\">REFLEXOLOGIA\/MASSAGEM<\/a><\/h6>\n\t\t<\/div>\n\t\t\t\t\t<div class=\"sc_services_item_content\"><p>Mais do que o relaxamento, a reflexologia podal, ou reflexoterapia como tamb\u00e9m \u00e9 conhecida, \u00e9 uma terapia que pode trazer grandes benef\u00edcios para a sa\u00fade.<\/p>\n<\/div>\n\t\t\t<\/div>\n<\/div>\n<\/div><div class=\"trx_addons_column-1_3\"><div class=\"sc_services_item without_content with_image sc_services_item_featured_top\">\n\t<div class=\"post_featured with_thumb hover_dots sc_services_item_thumb\"><img loading=\"lazy\" decoding=\"async\" width=\"90\" height=\"90\" src=\"https:\/\/onicopes.com.br\/site\/wp-content\/uploads\/2021\/12\/s8-90x90.jpg\" class=\"attachment-coleo-thumb-tiny size-coleo-thumb-tiny wp-post-image\" alt=\"\" srcset=\"https:\/\/onicopes.com.br\/site\/wp-content\/uploads\/2021\/12\/s8-90x90.jpg 90w, https:\/\/onicopes.com.br\/site\/wp-content\/uploads\/2021\/12\/s8-150x150.jpg 150w, https:\/\/onicopes.com.br\/site\/wp-content\/uploads\/2021\/12\/s8-100x100.jpg 100w, https:\/\/onicopes.com.br\/site\/wp-content\/uploads\/2021\/12\/s8.jpg 263w\" sizes=\"auto, (max-width: 90px) 100vw, 90px\" \/><div class=\"mask\"><\/div><a href=\"https:\/\/onicopes.com.br\/site\/services\/tratamento-de-micose\/\" aria-hidden=\"true\" class=\"icons\"><span><\/span><span><\/span><span><\/span><\/a><\/div>\t\n\t<div class=\"sc_services_item_info\">\n\t\t<div class=\"sc_services_item_header\">\n\t\t\t<h6 class=\"sc_services_item_title\"><a href=\"https:\/\/onicopes.com.br\/site\/services\/tratamento-de-micose\/\">TRATAMENTO DE MICOSE<\/a><\/h6>\n\t\t<\/div>\n\t\t\t\t\t<div class=\"sc_services_item_content\"><p>As micoses s\u00e3o infec\u00e7\u00f5es provocadas por fungos.<\/p>\n<\/div>\n\t\t\t<\/div>\n<\/div>\n<\/div><div class=\"trx_addons_column-1_3\"><div class=\"sc_services_item without_content with_image sc_services_item_featured_top\">\n\t<div class=\"post_featured with_thumb hover_dots sc_services_item_thumb\"><img loading=\"lazy\" decoding=\"async\" width=\"90\" height=\"90\" src=\"https:\/\/onicopes.com.br\/site\/wp-content\/uploads\/2017\/12\/s7-90x90.jpg\" class=\"attachment-coleo-thumb-tiny size-coleo-thumb-tiny wp-post-image\" alt=\"\" srcset=\"https:\/\/onicopes.com.br\/site\/wp-content\/uploads\/2017\/12\/s7-90x90.jpg 90w, https:\/\/onicopes.com.br\/site\/wp-content\/uploads\/2017\/12\/s7-150x150.jpg 150w, https:\/\/onicopes.com.br\/site\/wp-content\/uploads\/2017\/12\/s7-100x100.jpg 100w, https:\/\/onicopes.com.br\/site\/wp-content\/uploads\/2017\/12\/s7.jpg 263w\" sizes=\"auto, (max-width: 90px) 100vw, 90px\" \/><div class=\"mask\"><\/div><a href=\"https:\/\/onicopes.com.br\/site\/services\/unha-encravada\/\" aria-hidden=\"true\" class=\"icons\"><span><\/span><span><\/span><span><\/span><\/a><\/div>\t\n\t<div class=\"sc_services_item_info\">\n\t\t<div class=\"sc_services_item_header\">\n\t\t\t<h6 class=\"sc_services_item_title\"><a href=\"https:\/\/onicopes.com.br\/site\/services\/unha-encravada\/\">UNHA ENCRAVADA<\/a><\/h6>\n\t\t<\/div>\n\t\t\t\t\t<div class=\"sc_services_item_content\"><p>encravada, ainda \u00e9 motivo de grande desconforto. A interven\u00e7\u00e3o cir\u00fargica normalmente n\u00e3o resolve o problema. Os pod\u00f3logos entendem que, em 99% dos casos, \u00e9 poss\u00edvel solucionar o problema sem a interven\u00e7\u00e3o cir\u00fargica.<\/p>\n<\/div>\n\t\t\t<\/div>\n<\/div>\n<\/div><div class=\"trx_addons_column-1_3\"><div class=\"sc_services_item without_content with_image sc_services_item_featured_top\">\n\t<div class=\"post_featured with_thumb hover_dots sc_services_item_thumb\"><img loading=\"lazy\" decoding=\"async\" width=\"90\" height=\"90\" src=\"https:\/\/onicopes.com.br\/site\/wp-content\/uploads\/2021\/12\/s10-90x90.jpg\" class=\"attachment-coleo-thumb-tiny size-coleo-thumb-tiny wp-post-image\" alt=\"\" srcset=\"https:\/\/onicopes.com.br\/site\/wp-content\/uploads\/2021\/12\/s10-90x90.jpg 90w, https:\/\/onicopes.com.br\/site\/wp-content\/uploads\/2021\/12\/s10-150x150.jpg 150w, https:\/\/onicopes.com.br\/site\/wp-content\/uploads\/2021\/12\/s10-100x100.jpg 100w, https:\/\/onicopes.com.br\/site\/wp-content\/uploads\/2021\/12\/s10.jpg 263w\" sizes=\"auto, (max-width: 90px) 100vw, 90px\" \/><div class=\"mask\"><\/div><a href=\"https:\/\/onicopes.com.br\/site\/services\/verruga-plantar\/\" aria-hidden=\"true\" class=\"icons\"><span><\/span><span><\/span><span><\/span><\/a><\/div>\t\n\t<div class=\"sc_services_item_info\">\n\t\t<div class=\"sc_services_item_header\">\n\t\t\t<h6 class=\"sc_services_item_title\"><a href=\"https:\/\/onicopes.com.br\/site\/services\/verruga-plantar\/\">VERRUGA PLANTAR<\/a><\/h6>\n\t\t<\/div>\n\t\t\t\t\t<div class=\"sc_services_item_content\"><p>Popularmente conhecida como \u201colho-de-peixe\u201d, a verruga plantar se apresenta como um espessamento e eleva\u00e7\u00e3o da pele dos p\u00e9s<\/p>\n<\/div>\n\t\t\t<\/div>\n<\/div>\n<\/div><\/div><\/div><!-- \/.sc_services -->[vc_empty_space height=&#8221;50px&#8221; alter_height=&#8221;none&#8221; hide_on_desktop=&#8221;&#8221; hide_on_notebook=&#8221;&#8221; hide_on_tablet=&#8221;1&#8243; hide_on_mobile=&#8221;1&#8243;][\/vc_column][\/vc_row]<\/p>\n","protected":false},"excerpt":{"rendered":"<p>[vc_row][vc_column icons_position=&#8221;left&#8221;][vc_empty_space height=&#8221;50px&#8221; alter_height=&#8221;none&#8221; hide_on_desktop=&#8221;1&#8243; hide_on_notebook=&#8221;1&#8243; hide_on_tablet=&#8221;&#8221; hide_on_mobile=&#8221;&#8221;][vc_empty_space height=&#8221;50px&#8221; alter_height=&#8221;none&#8221; hide_on_desktop=&#8221;&#8221; hide_on_notebook=&#8221;&#8221; hide_on_tablet=&#8221;1&#8243; hide_on_mobile=&#8221;1&#8243;][\/vc_column][\/vc_row]<\/p>\n","protected":false},"author":1,"featured_media":0,"parent":0,"menu_order":0,"comment_status":"closed","ping_status":"closed","template":"","meta":{"footnotes":""},"class_list":["post-2540","page","type-page","status-publish","hentry"],"_links":{"self":[{"href":"https:\/\/onicopes.com.br\/site\/wp-json\/wp\/v2\/pages\/2540","targetHints":{"allow":["GET"]}}],"collection":[{"href":"https:\/\/onicopes.com.br\/site\/wp-json\/wp\/v2\/pages"}],"about":[{"href":"https:\/\/onicopes.com.br\/site\/wp-json\/wp\/v2\/types\/page"}],"author":[{"embeddable":true,"href":"https:\/\/onicopes.com.br\/site\/wp-json\/wp\/v2\/users\/1"}],"replies":[{"embeddable":true,"href":"https:\/\/onicopes.com.br\/site\/wp-json\/wp\/v2\/comments?post=2540"}],"version-history":[{"count":7,"href":"https:\/\/onicopes.com.br\/site\/wp-json\/wp\/v2\/pages\/2540\/revisions"}],"predecessor-version":[{"id":5656,"href":"https:\/\/onicopes.com.br\/site\/wp-json\/wp\/v2\/pages\/2540\/revisions\/5656"}],"wp:attachment":[{"href":"https:\/\/onicopes.com.br\/site\/wp-json\/wp\/v2\/media?parent=2540"}],"curies":[{"name":"wp","href":"https:\/\/api.w.org\/{rel}","templated":true}]}}