{"id":3302,"date":"2021-12-23T16:35:02","date_gmt":"2021-12-23T19:35:02","guid":{"rendered":"https:\/\/onicopes.com.br\/site\/?page_id=3302"},"modified":"2022-03-16T09:15:39","modified_gmt":"2022-03-16T12:15:39","slug":"prazos-e-entregas","status":"publish","type":"page","link":"https:\/\/onicopes.com.br\/site\/prazos-e-entregas\/","title":{"rendered":"Prazos e Entregas"},"content":{"rendered":"<p>[vc_row][vc_column icons_position=&#8221;left&#8221;][vc_column_text]<\/p>\n<p style=\"text-align: center;\"><strong>ENTREGAS<\/strong><\/p>\n<p>&nbsp;<\/p>\n<p><strong>Normal<\/strong>: A entrega \u00e9 realizada com prazo de at\u00e9 7 dias \u00fateis nas principais capitais.<\/p>\n<p><strong>Expressa<\/strong>: Para algumas regi\u00f5es dentro das principais capitais, a entrega expressa poder\u00e1 ocorrer em at\u00e9 2 dias \u00fateis. Para verificar se sua regi\u00e3o est\u00e1 dentro da \u00e1rea de abrang\u00eancia, verifique na p\u00e1gina de pagamento o prazo para recebimento de sua compra. Lembrando que somente os pedidos com o pagamento confirmado no sistema at\u00e9 as 17h est\u00e3o aptos.<\/p>\n<p>Voc\u00ea pode consultar a disponibilidade do tipo de entrega para sua regi\u00e3o, digitando o cep do endere\u00e7o, no carrinho de compras<\/p>\n<p>OBS: N\u00e3o esque\u00e7a! A data da entrega come\u00e7a a contar a partir da confirma\u00e7\u00e3o de pagamento do seu pedido pela institui\u00e7\u00e3o financeira.[\/vc_column_text][\/vc_column][\/vc_row]<\/p>\n","protected":false},"excerpt":{"rendered":"<p>[vc_row][vc_column icons_position=&#8221;left&#8221;][vc_column_text] ENTREGAS &nbsp; Normal: A entrega \u00e9 realizada com prazo de at\u00e9 7 dias \u00fateis nas principais capitais. Expressa: Para algumas regi\u00f5es dentro das principais capitais, a entrega expressa poder\u00e1 ocorrer em at\u00e9 2 dias \u00fateis. Para verificar se&hellip;<\/p>\n","protected":false},"author":1,"featured_media":0,"parent":0,"menu_order":0,"comment_status":"closed","ping_status":"closed","template":"","meta":{"footnotes":""},"class_list":["post-3302","page","type-page","status-publish","hentry"],"_links":{"self":[{"href":"https:\/\/onicopes.com.br\/site\/wp-json\/wp\/v2\/pages\/3302","targetHints":{"allow":["GET"]}}],"collection":[{"href":"https:\/\/onicopes.com.br\/site\/wp-json\/wp\/v2\/pages"}],"about":[{"href":"https:\/\/onicopes.com.br\/site\/wp-json\/wp\/v2\/types\/page"}],"author":[{"embeddable":true,"href":"https:\/\/onicopes.com.br\/site\/wp-json\/wp\/v2\/users\/1"}],"replies":[{"embeddable":true,"href":"https:\/\/onicopes.com.br\/site\/wp-json\/wp\/v2\/comments?post=3302"}],"version-history":[{"count":4,"href":"https:\/\/onicopes.com.br\/site\/wp-json\/wp\/v2\/pages\/3302\/revisions"}],"predecessor-version":[{"id":5780,"href":"https:\/\/onicopes.com.br\/site\/wp-json\/wp\/v2\/pages\/3302\/revisions\/5780"}],"wp:attachment":[{"href":"https:\/\/onicopes.com.br\/site\/wp-json\/wp\/v2\/media?parent=3302"}],"curies":[{"name":"wp","href":"https:\/\/api.w.org\/{rel}","templated":true}]}}