{"id":3304,"date":"2021-12-23T16:36:27","date_gmt":"2021-12-23T19:36:27","guid":{"rendered":"https:\/\/onicopes.com.br\/site\/?page_id=3304"},"modified":"2022-03-16T09:11:06","modified_gmt":"2022-03-16T12:11:06","slug":"formas-de-pagamento","status":"publish","type":"page","link":"https:\/\/onicopes.com.br\/site\/formas-de-pagamento\/","title":{"rendered":"Formas de Pagamento"},"content":{"rendered":"<p>[vc_row][vc_column icons_position=&#8221;left&#8221;][vc_column_text]<\/p>\n<ul>\n<li style=\"text-align: left;\"><strong>D\u00c9BITO<\/strong><\/li>\n<li style=\"text-align: left;\"><strong>CR\u00c9DITO<\/strong><\/li>\n<li style=\"text-align: left;\"><strong>BOLETO BANC\u00c1RIO<\/strong><\/li>\n<li style=\"text-align: left;\"><strong>PARA PAGAMENTO VIA PIX ENTRE EM CONTATO <a href=\"https:\/\/api.whatsapp.com\/send\/?phone=%2B5531986711617&amp;text&amp;app_absent=0\">VIA WHATS APP<\/a><\/strong><\/li>\n<\/ul>\n<p>[\/vc_column_text][\/vc_column][\/vc_row]<\/p>\n","protected":false},"excerpt":{"rendered":"<p>[vc_row][vc_column icons_position=&#8221;left&#8221;][vc_column_text] D\u00c9BITO CR\u00c9DITO BOLETO BANC\u00c1RIO PARA PAGAMENTO VIA PIX ENTRE EM CONTATO VIA WHATS APP [\/vc_column_text][\/vc_column][\/vc_row]<\/p>\n","protected":false},"author":1,"featured_media":0,"parent":0,"menu_order":0,"comment_status":"closed","ping_status":"closed","template":"","meta":{"footnotes":""},"class_list":["post-3304","page","type-page","status-publish","hentry"],"_links":{"self":[{"href":"https:\/\/onicopes.com.br\/site\/wp-json\/wp\/v2\/pages\/3304","targetHints":{"allow":["GET"]}}],"collection":[{"href":"https:\/\/onicopes.com.br\/site\/wp-json\/wp\/v2\/pages"}],"about":[{"href":"https:\/\/onicopes.com.br\/site\/wp-json\/wp\/v2\/types\/page"}],"author":[{"embeddable":true,"href":"https:\/\/onicopes.com.br\/site\/wp-json\/wp\/v2\/users\/1"}],"replies":[{"embeddable":true,"href":"https:\/\/onicopes.com.br\/site\/wp-json\/wp\/v2\/comments?post=3304"}],"version-history":[{"count":3,"href":"https:\/\/onicopes.com.br\/site\/wp-json\/wp\/v2\/pages\/3304\/revisions"}],"predecessor-version":[{"id":5778,"href":"https:\/\/onicopes.com.br\/site\/wp-json\/wp\/v2\/pages\/3304\/revisions\/5778"}],"wp:attachment":[{"href":"https:\/\/onicopes.com.br\/site\/wp-json\/wp\/v2\/media?parent=3304"}],"curies":[{"name":"wp","href":"https:\/\/api.w.org\/{rel}","templated":true}]}}