{"id":3306,"date":"2021-12-23T16:38:46","date_gmt":"2021-12-23T19:38:46","guid":{"rendered":"https:\/\/onicopes.com.br\/site\/?page_id=3306"},"modified":"2022-03-16T09:08:38","modified_gmt":"2022-03-16T12:08:38","slug":"politica-de-troca-e-devolucoes","status":"publish","type":"page","link":"https:\/\/onicopes.com.br\/site\/politica-de-troca-e-devolucoes\/","title":{"rendered":"Politica de Troca e Devolu\u00e7\u00f5es"},"content":{"rendered":"<p>[vc_row][vc_column icons_position=&#8221;left&#8221;][vc_column_text]<\/p>\n<p class=\"dt-faq-question ng-binding\"><strong>Regras gerais de trocas e devolu\u00e7\u00f5es<\/strong><\/p>\n<div class=\"slideDown ng-scope ng-isolate-scope\">\n<div class=\"dt-faq-answer ng-isolate-scope\">\n<div class=\"dt-faq-answer-slot ng-scope\">\n<p>&#8211; N\u00e3o ser\u00e3o aceitos produtos com embalagens abertas ou avariadas, embalados apenas em pl\u00e1stico bolha, sem embalagem ou sem identifica\u00e7\u00e3o do pedido.<\/p>\n<p>&#8211; O produto n\u00e3o pode conter sinais de uso inadequado, de dano acidental ou provocado, e desgaste natural em decorr\u00eancia do uso e lavagem inadequada, danificado ou com a embalagem e\/ou o lacre interno\/externo de seguran\u00e7a violado.<\/p>\n<p>&#8211; O produto que n\u00e3o atender \u00e0s condi\u00e7\u00f5es exigidas acima n\u00e3o ser\u00e1 aceito como troca e automaticamente ser\u00e1 remetido de volta ao endere\u00e7o de origem. Nessas condi\u00e7\u00f5es, a loja reserva-se o direito de fazer nova cobran\u00e7a de frete.<\/p>\n<p>&#8211; A Onico P\u00e9s n\u00e3o se responsabiliza por eventuais reten\u00e7\u00f5es de mercadorias feitas por \u00f3rg\u00e3os governamentais<\/p>\n<\/div>\n<div class=\"dt-faq-likes ng-scope ng-isolate-scope\">Para mais informa\u00e7\u00f5es entre em contato por nossos canais oficiais.<\/div>\n<div><\/div>\n<div style=\"text-align: right;\"><a href=\"https:\/\/onicopes.com.br\/site\/contatos\/\"><strong>FALE CONOSCO:<\/strong><\/a><\/div>\n<\/div>\n<\/div>\n<p>[\/vc_column_text][\/vc_column][\/vc_row]<\/p>\n","protected":false},"excerpt":{"rendered":"<p>[vc_row][vc_column icons_position=&#8221;left&#8221;][vc_column_text] Regras gerais de trocas e devolu\u00e7\u00f5es &#8211; N\u00e3o ser\u00e3o aceitos produtos com embalagens abertas ou avariadas, embalados apenas em pl\u00e1stico bolha, sem embalagem ou sem identifica\u00e7\u00e3o do pedido. &#8211; O produto n\u00e3o pode conter sinais de uso inadequado,&hellip;<\/p>\n","protected":false},"author":1,"featured_media":0,"parent":0,"menu_order":0,"comment_status":"closed","ping_status":"closed","template":"","meta":{"footnotes":""},"class_list":["post-3306","page","type-page","status-publish","hentry"],"_links":{"self":[{"href":"https:\/\/onicopes.com.br\/site\/wp-json\/wp\/v2\/pages\/3306","targetHints":{"allow":["GET"]}}],"collection":[{"href":"https:\/\/onicopes.com.br\/site\/wp-json\/wp\/v2\/pages"}],"about":[{"href":"https:\/\/onicopes.com.br\/site\/wp-json\/wp\/v2\/types\/page"}],"author":[{"embeddable":true,"href":"https:\/\/onicopes.com.br\/site\/wp-json\/wp\/v2\/users\/1"}],"replies":[{"embeddable":true,"href":"https:\/\/onicopes.com.br\/site\/wp-json\/wp\/v2\/comments?post=3306"}],"version-history":[{"count":5,"href":"https:\/\/onicopes.com.br\/site\/wp-json\/wp\/v2\/pages\/3306\/revisions"}],"predecessor-version":[{"id":5777,"href":"https:\/\/onicopes.com.br\/site\/wp-json\/wp\/v2\/pages\/3306\/revisions\/5777"}],"wp:attachment":[{"href":"https:\/\/onicopes.com.br\/site\/wp-json\/wp\/v2\/media?parent=3306"}],"curies":[{"name":"wp","href":"https:\/\/api.w.org\/{rel}","templated":true}]}}