{"id":396,"date":"2017-12-08T15:42:48","date_gmt":"2017-12-08T17:42:48","guid":{"rendered":"http:\/\/onicopes.com.br\/site\/?page_id=396"},"modified":"2022-11-01T15:16:27","modified_gmt":"2022-11-01T18:16:27","slug":"home-1","status":"publish","type":"page","link":"https:\/\/onicopes.com.br\/site\/","title":{"rendered":"Home 1"},"content":{"rendered":"<p>[vc_row full_width=&#8221;stretch_row_content_no_spaces&#8221; content_placement=&#8221;middle&#8221; css=&#8221;.vc_custom_1667236987367{background-size: cover !important;}&#8221;][vc_column icons_position=&#8221;left&#8221;]<div id=\"sl_home\" class=\"widget_area sc_widget_slider vc_widget_slider wpb_content_element\"><aside id=\"sl_home_widget\" class=\"widget widget_slider\">\t\t\t<div class=\"slider_wrap slider_engine_swiper\">\n\t\t\t\t<div id=\"sl_home_outer\" class=\"slider_outer slider_swiper_outer slider_style_default slider_outer_direction_horizontal slider_outer_one slider_outer_nopagination slider_outer_nocontrols slider_outer_titles_center\"><div id=\"sl_home_swiper\" class=\"slider_container slider_swiper swiper-slider-container slider_nocontrols slider_titles_center slider_resize slider_height_auto slider_direction_horizontal slider_nopagination slider_one slider_type_bg\" data-ratio=\"16:8\" data-interval=\"7000\" data-effect=\"fade\" data-pagination=\"bullets\" data-direction=\"horizontal\" data-slides-per-view=\"1\" data-slides-space=\"0\"><div class=\"slider-wrapper swiper-wrapper\"><div  id=\"slide_840284938\" class=\"slider-slide swiper-slide  vc_custom_1647710492995\" style=\"\"><\/div><div  id=\"slide_1835590989\" class=\"slider-slide swiper-slide  vc_custom_1647710954272\" style=\"\"><\/div><div  id=\"slide_597175113\" class=\"slider-slide swiper-slide  vc_custom_1647710931649\" style=\"\"><\/div><div  id=\"slide_864499320\" class=\"slider-slide swiper-slide\" data-image=\"https:\/\/onicopes.com.br\/site\/wp-content\/uploads\/2022\/11\/Fullbanner01-v2.jpg\" style=\"background-image:url(https:\/\/onicopes.com.br\/site\/wp-content\/uploads\/2022\/11\/Fullbanner01-v2.jpg);\"><\/div><div  id=\"slide_834431029\" class=\"slider-slide swiper-slide\" data-image=\"https:\/\/onicopes.com.br\/site\/wp-content\/uploads\/2022\/11\/Fullbanner02-v2.jpg\" style=\"background-image:url(https:\/\/onicopes.com.br\/site\/wp-content\/uploads\/2022\/11\/Fullbanner02-v2.jpg);\"><\/div><\/div><!-- \/.slider-wrapper --><\/div><!-- \/.slider_container --><\/div><!-- \/.slider_outer -->\t\t\t<\/div>\n\t\t\t<\/aside><\/div><div class=\"sc_content_wrap sc_push_large sc_push_hide_on_mobile\"><div id=\"sc_content_1931444618\"\n\t\tclass=\"sc_content color_style_default sc_content_default sc_float_center\"><div class=\"sc_content_container\"><div  id=\"sc_layouts_1868048430\"\t\tclass=\"sc_layouts sc_layouts_default sc_layouts_749\">[vc_row equal_height=\"yes\" content_placement=\"bottom\" hide_bg_image_on_tablet=\"\" hide_bg_image_on_mobile=\"\" css=\".vc_custom_1516208203532{margin-right: 0px !important;margin-left: 0px !important;}\"][vc_column width=\"5\/12\" icons_position=\"left\" offset=\"vc_col-xs-9\"]<div id=\"slider_controls_326463438\" class=\"sc_slider_controls sc_slider_controls_default sc_align_left\" data-slider-id=\"sl_home\" data-style=\"default\"><div class=\"slider_controls_wrap with_prev with_next\"><a class=\"slider_prev swiper-button-prev\" href=\"#\"><\/a><a class=\"slider_next swiper-button-next\" href=\"#\"><\/a><\/div><\/div>[\/vc_column][vc_column width=\"1\/6\" fix_column=\"\" hide_bg_image_on_tablet=\"\" hide_bg_image_on_mobile=\"\" column_align=\"center\" icons_position=\"left\" offset=\"vc_hidden-xs\"][vc_column_text]Scroll[\/vc_column_text][vc_empty_space height=\"22px\" alter_height=\"none\" hide_on_desktop=\"\" hide_on_notebook=\"\" hide_on_tablet=\"\" hide_on_mobile=\"\"][vc_icon icon_fontawesome=\"icon-left-arrow-1\" color=\"custom\" background_style=\"rounded-outline\" background_color=\"custom\" align=\"center\" css_animation=\"fadeIn\" link=\"url:https%3A%2F%2Fonicopes.com.br%2Fsite%2Fshop%2F|title:Loja%20Virtual\" custom_background_color=\"#ffffff\"][vc_empty_space height=\"30px\" alter_height=\"none\" hide_on_desktop=\"\" hide_on_notebook=\"\" hide_on_tablet=\"\" hide_on_mobile=\"\"][\/vc_column][vc_column width=\"5\/12\" hide_bg_image_on_tablet=\"\" hide_bg_image_on_mobile=\"\" icons_position=\"left\" offset=\"vc_col-xs-3\"][vc_icon icon_fontawesome=\"icon-share-2\" color=\"custom\" align=\"right\" el_id=\"soc_animation\" link=\"url:%23|||\"]<div  id=\"sc_socials_1657722636\" \n\t\tclass=\"sc_socials sc_socials_default sc_align_none\"><div class=\"socials_wrap\"><a target=\"_blank\" href=\"https:\/\/www.instagram.com\/onicopes\/\" class=\"social_item social_item_style_icons social_item_type_icons\"><span class=\"social_icon social_icon_instagramm\"><span class=\"icon-instagramm\"><\/span><\/span><\/a><a target=\"_blank\" href=\"https:\/\/www.facebook.com\/onicopesbr\" class=\"social_item social_item_style_icons social_item_type_icons\"><span class=\"social_icon social_icon_facebook\"><span class=\"icon-facebook\"><\/span><\/span><\/a><\/div><!-- \/.socials_wrap --><\/div><!-- \/.sc_socials -->[\/vc_column][\/vc_row]<\/div>[vc_empty_space height=&#8221;30px&#8221; alter_height=&#8221;none&#8221; hide_on_desktop=&#8221;1&#8243; hide_on_notebook=&#8221;1&#8243; hide_on_tablet=&#8221;&#8221; hide_on_mobile=&#8221;&#8221;]<\/div><\/div><!-- \/.sc_content --><\/div><!-- \/.sc_content_wrap -->[\/vc_column][\/vc_row][vc_row][vc_column icons_position=&#8221;left&#8221;][vc_empty_space height=&#8221;60px&#8221; alter_height=&#8221;none&#8221; hide_on_desktop=&#8221;1&#8243; hide_on_notebook=&#8221;1&#8243; hide_on_tablet=&#8221;&#8221; hide_on_mobile=&#8221;&#8221;][\/vc_column][\/vc_row][vc_row equal_height=&#8221;yes&#8221; content_placement=&#8221;top&#8221; hide_bg_image_on_tablet=&#8221;&#8221; hide_bg_image_on_mobile=&#8221;&#8221; row_delimiter=&#8221;&#8221; hide_on_desktop=&#8221;1&#8243; hide_on_notebook=&#8221;1&#8243; hide_on_tablet=&#8221;1&#8243; hide_on_mobile=&#8221;1&#8243; hide_on_frontpage=&#8221;1&#8243;][vc_column width=&#8221;1\/2&#8243; hide_bg_image_on_tablet=&#8221;&#8221; hide_bg_image_on_mobile=&#8221;&#8221; icons_position=&#8221;left&#8221;]<div  id=\"sc_action_1061474590\" \n\tclass=\"sc_action color_style_default sc_action_default\"><div class=\"sc_action_content sc_item_content\"><div class=\"sc_action_item sc_action_item_default with_image with_bg_color sc_action_fixed_height sc_action_item_bl\" style=\"background-color:#ffffff;background-image:url(https:\/\/onicopes.com.br\/site\/wp-content\/uploads\/2022\/01\/201305101_6089427924432572_7393497327696369351_n-570x518.jpg);height:500px;overflow:hidden;\">\n\t\t\t\t\t\t\t<div class=\"sc_action_item_mask\"><\/div>\n\t\t\t\t<div class=\"sc_action_item_inner\">\n\t\t\t\t<h3 class=\"sc_action_item_title\"><span>Conforto para seus p\u00e9s<\/span><\/h3><\/div><!-- \/.sc_action_item_inner --><a href=\"https:\/\/onicopes.com.br\/site\/shop\/\" class=\"sc_action_item_link sc_action_item_link_over\"><\/a><\/div><\/div><\/div><!-- \/.sc_action -->[vc_empty_space height=&#8221;30px&#8221; alter_height=&#8221;none&#8221; hide_on_desktop=&#8221;1&#8243; hide_on_notebook=&#8221;1&#8243; hide_on_tablet=&#8221;&#8221; hide_on_mobile=&#8221;&#8221;][\/vc_column][vc_column width=&#8221;1\/2&#8243; hide_bg_image_on_tablet=&#8221;&#8221; hide_bg_image_on_mobile=&#8221;&#8221; icons_position=&#8221;left&#8221;]<div  id=\"sc_action_55263720\" \n\tclass=\"sc_action color_style_default sc_action_simple\"><div class=\"sc_action_content sc_item_content\"><div class=\"sc_action_item sc_action_item_simple with_image sc_action_item_bl\" style=\"background-image:url(https:\/\/onicopes.com.br\/site\/wp-content\/uploads\/2022\/01\/a5faf0_78dea7ac3a574b58a997d2c3b03fd0b4_mv2_d_3968_2072_s_2-1170x573.webp);\">\n\t\t\t\t\t\t\t<div class=\"sc_action_item_mask\"><\/div>\n\t\t\t\t<div class=\"sc_action_item_inner\">\n\t\t\t\t<h3 class=\"sc_action_item_title\"><span>Qualidade no seu sono<\/span><\/h3><\/div><!-- \/.sc_action_item_inner --><a href=\"https:\/\/onicopes.com.br\/site\/shop\/\" class=\"sc_action_item_link sc_action_item_link_over\"><\/a><\/div><\/div><\/div><!-- \/.sc_action -->[vc_empty_space height=&#8221;30px&#8221; alter_height=&#8221;none&#8221; hide_on_desktop=&#8221;&#8221; hide_on_notebook=&#8221;&#8221; hide_on_tablet=&#8221;&#8221; hide_on_mobile=&#8221;&#8221;][vc_row_inner][vc_column_inner width=&#8221;1\/2&#8243; icons_position=&#8221;left&#8221;]<div  id=\"sc_action_1840847979\" \n\tclass=\"sc_action color_style_default sc_action_default\"><div class=\"sc_action_content sc_item_content\"><div class=\"sc_action_item sc_action_item_default with_image sc_action_fixed_height sc_action_item_bl\" style=\"background-image:url(https:\/\/onicopes.com.br\/site\/wp-content\/uploads\/2022\/01\/270295812_1031149097739622_8786402469325118695_n-570x518.jpg);height:235px;overflow:hidden;\">\n\t\t\t\t\t\t\t<div class=\"sc_action_item_mask\"><\/div>\n\t\t\t\t<div class=\"sc_action_item_inner\">\n\t\t\t\t<h3 class=\"sc_action_item_title\"><span>#PROMO\u00c7\u00c3O<\/span><\/h3><\/div><!-- \/.sc_action_item_inner --><a href=\"https:\/\/onicopes.com.br\/site\/shop\/\" class=\"sc_action_item_link sc_action_item_link_over\"><\/a><\/div><\/div><\/div><!-- \/.sc_action -->[vc_empty_space height=&#8221;30px&#8221; alter_height=&#8221;none&#8221; hide_on_desktop=&#8221;1&#8243; hide_on_notebook=&#8221;1&#8243; hide_on_tablet=&#8221;&#8221; hide_on_mobile=&#8221;&#8221;][\/vc_column_inner][vc_column_inner width=&#8221;1\/2&#8243; icons_position=&#8221;left&#8221;]<div  id=\"sc_action_1206721714\" \n\tclass=\"sc_action color_style_default sc_action_default\"><div class=\"sc_action_content sc_item_content\"><div class=\"sc_action_item sc_action_item_default with_image sc_action_fixed_height sc_action_item_bl\" style=\"background-image:url(https:\/\/onicopes.com.br\/site\/wp-content\/uploads\/2022\/01\/07-570x518.jpg);height:235px;overflow:hidden;\">\n\t\t\t\t\t\t\t<div class=\"sc_action_item_mask\"><\/div>\n\t\t\t\t<div class=\"sc_action_item_inner\">\n\t\t\t\t<h3 class=\"sc_action_item_title\"><span>#PROMO\u00c7\u00c3O<\/span><\/h3><\/div><!-- \/.sc_action_item_inner --><a href=\"https:\/\/onicopes.com.br\/site\/shop\/\" class=\"sc_action_item_link sc_action_item_link_over\"><\/a><\/div><\/div><\/div><!-- \/.sc_action -->[\/vc_column_inner][\/vc_row_inner][\/vc_column][\/vc_row][vc_row][vc_column icons_position=&#8221;left&#8221;][vc_empty_space height=&#8221;60px&#8221; alter_height=&#8221;none&#8221; hide_on_desktop=&#8221;1&#8243; hide_on_notebook=&#8221;1&#8243; hide_on_tablet=&#8221;&#8221; hide_on_mobile=&#8221;1&#8243;][vc_empty_space height=&#8221;60px&#8221; alter_height=&#8221;none&#8221; hide_on_desktop=&#8221;1&#8243; hide_on_notebook=&#8221;1&#8243; hide_on_tablet=&#8221;&#8221; hide_on_mobile=&#8221;1&#8243;]<div  id=\"testimon\"\t\tclass=\"sc_testimonials color_style_default sc_testimonials_default  vc_custom_1641736557159\"><h3 class=\"sc_item_title sc_testimonials_title sc_align_center sc_item_title_style_accent sc_item_title_tag\">Depoimentos Clientes<\/h3><div id=\"testimon_outer\" class=\"sc_testimonials_slider sc_item_slider slider_swiper_outer slider_outer slider_outer_nocontrols slider_outer_pagination slider_outer_pagination_bullets slider_outer_pagination_pos_bottom slider_outer_one\">\n\t<div id=\"testimon_swiper\" class=\"slider_container swiper-slider-container slider_swiper slider_noresize slider_nocontrols slider_pagination slider_pagination_bullets slider_pagination_pos_bottom slider_one\" data-slides-min-width=\"290\" data-pagination=\"bullets\">\n\t\t<div class=\"slides slider-wrapper swiper-wrapper sc_item_columns_1\"><div class=\"slider-slide swiper-slide\"><div class=\"sc_testimonials_item\">\n\t<div class=\"sc_testimonials_item_author\">\n\t\t\t\t\t<div class=\"sc_testimonials_item_author_avatar\"><img loading=\"lazy\" decoding=\"async\" width=\"90\" height=\"90\" src=\"https:\/\/onicopes.com.br\/site\/wp-content\/uploads\/2017\/12\/EDSON-LIMA-FOTO-90x90.png\" class=\"attachment-coleo-thumb-tiny size-coleo-thumb-tiny wp-post-image\" alt=\"Edson Lima\" srcset=\"https:\/\/onicopes.com.br\/site\/wp-content\/uploads\/2017\/12\/EDSON-LIMA-FOTO-90x90.png 90w, https:\/\/onicopes.com.br\/site\/wp-content\/uploads\/2017\/12\/EDSON-LIMA-FOTO-150x150.png 150w, https:\/\/onicopes.com.br\/site\/wp-content\/uploads\/2017\/12\/EDSON-LIMA-FOTO-100x100.png 100w, https:\/\/onicopes.com.br\/site\/wp-content\/uploads\/2017\/12\/EDSON-LIMA-FOTO.png 300w\" sizes=\"auto, (max-width: 90px) 100vw, 90px\" \/><\/div>\n\t\t\t\t\n\t<\/div>\n\t<div class=\"sc_testimonials_item_content\"><p>Procurei a \u00d4nico P\u00e9s devido a problemas com t\u00eanis esportivos, machucavam meus p\u00e9s e atrapalhavam nas caminhadas. Encontrei qualidade e um excelente atendimento em um \u00fanico local, e desde ent\u00e3o sou cliente fiel. Parab\u00e9ns a toda equipe.<\/p>\n<\/div>\t\n\t<div class=\"sc_testimonials_item_author_data\">\n\t\t<h4 class=\"sc_testimonials_item_author_title\">Edson Lima<\/h4>\n\t\t<div class=\"sc_testimonials_item_author_subtitle\"><\/div>\n\t<\/div>\t\n<\/div>\n<\/div><div class=\"slider-slide swiper-slide\"><div class=\"sc_testimonials_item\">\n\t<div class=\"sc_testimonials_item_author\">\n\t\t\t\t\t<div class=\"sc_testimonials_item_author_avatar\"><img loading=\"lazy\" decoding=\"async\" width=\"90\" height=\"90\" src=\"https:\/\/onicopes.com.br\/site\/wp-content\/uploads\/2017\/12\/90839388_3311099618917858_8322706154954162176_n-90x90.jpg\" class=\"attachment-coleo-thumb-tiny size-coleo-thumb-tiny wp-post-image\" alt=\"J\u00e9ssica Luana\" srcset=\"https:\/\/onicopes.com.br\/site\/wp-content\/uploads\/2017\/12\/90839388_3311099618917858_8322706154954162176_n-90x90.jpg 90w, https:\/\/onicopes.com.br\/site\/wp-content\/uploads\/2017\/12\/90839388_3311099618917858_8322706154954162176_n-298x300.jpg 298w, https:\/\/onicopes.com.br\/site\/wp-content\/uploads\/2017\/12\/90839388_3311099618917858_8322706154954162176_n-1018x1024.jpg 1018w, https:\/\/onicopes.com.br\/site\/wp-content\/uploads\/2017\/12\/90839388_3311099618917858_8322706154954162176_n-150x150.jpg 150w, https:\/\/onicopes.com.br\/site\/wp-content\/uploads\/2017\/12\/90839388_3311099618917858_8322706154954162176_n-768x773.jpg 768w, https:\/\/onicopes.com.br\/site\/wp-content\/uploads\/2017\/12\/90839388_3311099618917858_8322706154954162176_n-1527x1536.jpg 1527w, https:\/\/onicopes.com.br\/site\/wp-content\/uploads\/2017\/12\/90839388_3311099618917858_8322706154954162176_n-370x370.jpg 370w, https:\/\/onicopes.com.br\/site\/wp-content\/uploads\/2017\/12\/90839388_3311099618917858_8322706154954162176_n-760x765.jpg 760w, https:\/\/onicopes.com.br\/site\/wp-content\/uploads\/2017\/12\/90839388_3311099618917858_8322706154954162176_n-600x604.jpg 600w, https:\/\/onicopes.com.br\/site\/wp-content\/uploads\/2017\/12\/90839388_3311099618917858_8322706154954162176_n-100x100.jpg 100w, https:\/\/onicopes.com.br\/site\/wp-content\/uploads\/2017\/12\/90839388_3311099618917858_8322706154954162176_n.jpg 2003w\" sizes=\"auto, (max-width: 90px) 100vw, 90px\" \/><\/div>\n\t\t\t\t\n\t<\/div>\n\t<div class=\"sc_testimonials_item_content\"><p>Conforto para o dia-a-dia no trabalho era o que eu procurava, e encontrei na \u00d4nico P\u00e9s. Modelos confort\u00e1veis e muito bonitos !!<\/p>\n<\/div>\t\n\t<div class=\"sc_testimonials_item_author_data\">\n\t\t<h4 class=\"sc_testimonials_item_author_title\">J\u00e9ssica Luana<\/h4>\n\t\t<div class=\"sc_testimonials_item_author_subtitle\"><\/div>\n\t<\/div>\t\n<\/div>\n<\/div><div class=\"slider-slide swiper-slide\"><div class=\"sc_testimonials_item\">\n\t<div class=\"sc_testimonials_item_author\">\n\t\t\t\t\t<div class=\"sc_testimonials_item_author_avatar\"><img loading=\"lazy\" decoding=\"async\" width=\"90\" height=\"90\" src=\"https:\/\/onicopes.com.br\/site\/wp-content\/uploads\/2017\/12\/Marcos-90x90.jpg\" class=\"attachment-coleo-thumb-tiny size-coleo-thumb-tiny wp-post-image\" alt=\"Marcos Souza\" srcset=\"https:\/\/onicopes.com.br\/site\/wp-content\/uploads\/2017\/12\/Marcos-90x90.jpg 90w, https:\/\/onicopes.com.br\/site\/wp-content\/uploads\/2017\/12\/Marcos-300x300.jpg 300w, https:\/\/onicopes.com.br\/site\/wp-content\/uploads\/2017\/12\/Marcos-1024x1024.jpg 1024w, https:\/\/onicopes.com.br\/site\/wp-content\/uploads\/2017\/12\/Marcos-150x150.jpg 150w, https:\/\/onicopes.com.br\/site\/wp-content\/uploads\/2017\/12\/Marcos-768x768.jpg 768w, https:\/\/onicopes.com.br\/site\/wp-content\/uploads\/2017\/12\/Marcos-370x370.jpg 370w, https:\/\/onicopes.com.br\/site\/wp-content\/uploads\/2017\/12\/Marcos-760x760.jpg 760w, https:\/\/onicopes.com.br\/site\/wp-content\/uploads\/2017\/12\/Marcos-600x600.jpg 600w, https:\/\/onicopes.com.br\/site\/wp-content\/uploads\/2017\/12\/Marcos-100x100.jpg 100w, https:\/\/onicopes.com.br\/site\/wp-content\/uploads\/2017\/12\/Marcos.jpg 1440w\" sizes=\"auto, (max-width: 90px) 100vw, 90px\" \/><\/div>\n\t\t\t\t\n\t<\/div>\n\t<div class=\"sc_testimonials_item_content\"><p>Qualidade em produtos ortop\u00e9dicos em um \u00fanico local, isso foi o que mais me impressionou na \u00d4nico P\u00e9s !!<\/p>\n<\/div>\t\n\t<div class=\"sc_testimonials_item_author_data\">\n\t\t<h4 class=\"sc_testimonials_item_author_title\">Marcos Souza<\/h4>\n\t\t<div class=\"sc_testimonials_item_author_subtitle\"><\/div>\n\t<\/div>\t\n<\/div>\n<\/div><\/div><\/div><div class=\"slider_pagination_wrap swiper-pagination\"><\/div><\/div><\/div><!-- \/.sc_testimonials --><div id=\"slider_controls_1443488142\" class=\"sc_slider_controls sc_slider_controls_default sc_align_right\" data-slider-id=\"testimon\" data-style=\"default\"><div class=\"slider_controls_wrap with_prev with_next\"><a class=\"slider_prev swiper-button-prev\" href=\"#\"><\/a><a class=\"slider_next swiper-button-next\" href=\"#\"><\/a><\/div><\/div>[vc_empty_space height=&#8221;50px&#8221; alter_height=&#8221;none&#8221; hide_on_desktop=&#8221;1&#8243; hide_on_notebook=&#8221;1&#8243; hide_on_tablet=&#8221;1&#8243; hide_on_mobile=&#8221;&#8221;][\/vc_column][\/vc_row][vc_row full_width=&#8221;stretch_row_content&#8221; css=&#8221;.vc_custom_1647956789833{background-size: contain !important;}&#8221;][vc_column icons_position=&#8221;left&#8221;][vc_column_text]<div id=\"wpgmza_map\" class=\"wpgmza_map\" data-settings='{\"id\":\"1\",\"map_title\":\"onico p\\u00e9s\",\"map_width\":\"100\",\"map_height\":\"600\",\"map_start_lat\":\"-19.815045285611248\",\"map_start_lng\":\"-43.95624910223128\",\"map_start_location\":\"45.950464398418106,-109.81550500000003\",\"map_start_zoom\":\"13\",\"default_marker\":\"\",\"type\":\"1\",\"alignment\":\"4\",\"directions_enabled\":\"0\",\"styling_enabled\":\"0\",\"styling_json\":\"\",\"active\":\"0\",\"kml\":\"\",\"bicycle\":\"0\",\"traffic\":\"0\",\"dbox\":\"0\",\"dbox_width\":\"\",\"listmarkers\":\"0\",\"listmarkers_advanced\":\"0\",\"filterbycat\":\"0\",\"ugm_enabled\":\"0\",\"ugm_category_enabled\":\"0\",\"fusion\":\"\",\"map_width_type\":\"%\",\"map_height_type\":\"px\",\"mass_marker_support\":\"0\",\"ugm_access\":\"0\",\"order_markers_by\":\"0\",\"order_markers_choice\":\"0\",\"show_user_location\":\"0\",\"default_to\":\"\",\"other_settings\":{\"map_type\":1,\"sl_stroke_color\":\"\",\"sl_fill_color\":\"\",\"sl_stroke_opacity\":\"\",\"sl_fill_opacity\":\"\",\"transport_layer\":false,\"action\":\"wpgmza_save_map\",\"redirect_to\":\"\\\/site\\\/wp-admin\\\/admin-post.php\",\"map_id\":\"1\",\"http_referer\":\"\\\/site\\\/wp-admin\\\/admin.php?page=wp-google-maps-menu&amp;amp;action=edit&amp;amp;map_id=1\",\"wpgmza_id\":\"1\",\"wpgmza_start_location\":\"-19.815045285611248,-43.95624910223128\",\"wpgmza_start_zoom\":\"13\",\"wpgmza_theme_data\":\"\",\"store_locator_enabled\":false,\"store_locator_search_area\":\"radial\",\"wpgmza_store_locator_radius_style\":\"legacy\",\"wpgmza_store_locator_default_radius\":\"10\",\"store_locator_auto_area_max_zoom\":\"\",\"store_locator_distance\":false,\"wpgmza_store_locator_position\":false,\"store_locator_show_distance\":false,\"store_locator_category\":false,\"wpgmza_store_locator_use_their_location\":false,\"wpgmza_store_locator_bounce\":false,\"wpgmza_sl_animation\":null,\"wpgmza_store_locator_hide_before_search\":false,\"store_locator_query_string\":\"\",\"store_locator_default_address\":\"\",\"store_locator_name_search\":false,\"store_locator_name_string\":\"\",\"store_locator_not_found_message\":\"\",\"wpgmza_map_align\":\"1\",\"jump_to_nearest_marker_on_initialization\":false,\"automatically_pan_to_users_location\":false,\"override_users_location_zoom_level\":false,\"override_users_location_zoom_levels\":\"\",\"show_distance_from_location\":false,\"map_max_zoom\":\"21\",\"map_min_zoom\":\"0\",\"click_open_link\":false,\"fit_maps_bounds_to_markers\":false,\"fit_maps_bounds_to_markers_after_filtering\":false,\"hide_point_of_interest\":false,\"wpgmza_zoom_on_marker_click\":false,\"wpgmza_zoom_on_marker_click_slider\":\"\",\"close_infowindow_on_map_click\":false,\"disable_lightbox_images\":false,\"use_Raw_Jpeg_Coordinates\":false,\"polygon_labels\":false,\"disable_polygon_info_windows\":false,\"enable_marker_ratings\":false,\"only_load_markers_within_viewport\":false,\"iw_primary_color\":\"#000000\",\"iw_accent_color\":\"#000000\",\"iw_text_color\":\"#000000\",\"wpgmza_listmarkers_by\":\"0\",\"wpgmza_marker_listing_position\":false,\"wpgmza_push_in_map\":false,\"wpgmza_push_in_map_placement\":null,\"wpgmza_push_in_map_width\":\"\",\"wpgmza_push_in_map_height\":\"\",\"zoom_level_on_marker_listing_override\":false,\"zoom_level_on_marker_listing_click\":\"\",\"datatable_no_result_message\":\"\",\"remove_search_box_datables\":false,\"dataTable_pagination_style\":null,\"datatable_search_string\":\"\",\"datatable_result_start\":\"\",\"datatable_result_of\":\"\",\"datatable_result_to\":\"\",\"datatable_result_total\":\"\",\"datatable_result_show\":\"\",\"datatable_result_entries\":\"\",\"wpgmza_savemap\":\"Salvar o Mapa \\u00bb\"}}' data-map-id='1' Data-maps-engine='open-layers' data-shortcode-attributes='{\"id\":\"1\"}' style=\"display:block; overflow:auto; width:100%; height:600px; float:left;\"><\/div>[\/vc_column_text][\/vc_column][\/vc_row]<\/p>\n","protected":false},"excerpt":{"rendered":"<p>[vc_row full_width=&#8221;stretch_row_content_no_spaces&#8221; content_placement=&#8221;middle&#8221; css=&#8221;.vc_custom_1667236987367{background-size: cover !important;}&#8221;][vc_column icons_position=&#8221;left&#8221;][\/vc_column][\/vc_row][vc_row][vc_column icons_position=&#8221;left&#8221;][vc_empty_space height=&#8221;60px&#8221; alter_height=&#8221;none&#8221; hide_on_desktop=&#8221;1&#8243; hide_on_notebook=&#8221;1&#8243; hide_on_tablet=&#8221;&#8221; hide_on_mobile=&#8221;&#8221;][\/vc_column][\/vc_row][vc_row equal_height=&#8221;yes&#8221; content_placement=&#8221;top&#8221; hide_bg_image_on_tablet=&#8221;&#8221; hide_bg_image_on_mobile=&#8221;&#8221; row_delimiter=&#8221;&#8221; hide_on_desktop=&#8221;1&#8243; hide_on_notebook=&#8221;1&#8243; hide_on_tablet=&#8221;1&#8243; hide_on_mobile=&#8221;1&#8243; hide_on_frontpage=&#8221;1&#8243;][vc_column width=&#8221;1\/2&#8243; hide_bg_image_on_tablet=&#8221;&#8221; hide_bg_image_on_mobile=&#8221;&#8221; icons_position=&#8221;left&#8221;][vc_empty_space height=&#8221;30px&#8221; alter_height=&#8221;none&#8221; hide_on_desktop=&#8221;1&#8243; hide_on_notebook=&#8221;1&#8243; hide_on_tablet=&#8221;&#8221; hide_on_mobile=&#8221;&#8221;][\/vc_column][vc_column width=&#8221;1\/2&#8243; hide_bg_image_on_tablet=&#8221;&#8221; hide_bg_image_on_mobile=&#8221;&#8221; icons_position=&#8221;left&#8221;][vc_empty_space height=&#8221;30px&#8221; alter_height=&#8221;none&#8221;&hellip;<\/p>\n","protected":false},"author":1,"featured_media":0,"parent":0,"menu_order":0,"comment_status":"closed","ping_status":"closed","template":"","meta":{"footnotes":""},"class_list":["post-396","page","type-page","status-publish","hentry"],"_links":{"self":[{"href":"https:\/\/onicopes.com.br\/site\/wp-json\/wp\/v2\/pages\/396","targetHints":{"allow":["GET"]}}],"collection":[{"href":"https:\/\/onicopes.com.br\/site\/wp-json\/wp\/v2\/pages"}],"about":[{"href":"https:\/\/onicopes.com.br\/site\/wp-json\/wp\/v2\/types\/page"}],"author":[{"embeddable":true,"href":"https:\/\/onicopes.com.br\/site\/wp-json\/wp\/v2\/users\/1"}],"replies":[{"embeddable":true,"href":"https:\/\/onicopes.com.br\/site\/wp-json\/wp\/v2\/comments?post=396"}],"version-history":[{"count":105,"href":"https:\/\/onicopes.com.br\/site\/wp-json\/wp\/v2\/pages\/396\/revisions"}],"predecessor-version":[{"id":14074,"href":"https:\/\/onicopes.com.br\/site\/wp-json\/wp\/v2\/pages\/396\/revisions\/14074"}],"wp:attachment":[{"href":"https:\/\/onicopes.com.br\/site\/wp-json\/wp\/v2\/media?parent=396"}],"curies":[{"name":"wp","href":"https:\/\/api.w.org\/{rel}","templated":true}]}}